{"id":16515,"date":"2021-09-23T11:27:08","date_gmt":"2021-09-23T09:27:08","guid":{"rendered":"https:\/\/caen-new.filanda.it\/company-profile\/"},"modified":"2021-12-15T11:12:21","modified_gmt":"2021-12-15T10:12:21","slug":"azienda","status":"publish","type":"page","link":"https:\/\/caen-new.filanda.it\/it\/azienda\/","title":{"rendered":"Azienda"},"content":{"rendered":"<p>CAEN RFID \u00e8 un&#8217;azienda leader nel mercato dell&#8217;identificazione automatica (AutoID). La sua attivit\u00e0 si incentra nel campo della tecnologia\u00a0<a href=\"http:\/\/rainrfid.org\/\" target=\"_blank\" rel=\"noopener noreferrer\"><strong>RAIN RFID<\/strong><\/a>\u00a0(RFID UHF passivo conforme agli standard GS1 EPC Class1 Gen2 o ISO 18000-63).<\/p>\n<p><span class=\"notranslate\">RAIN<\/span>\u00a0RFID \u00e8 una tecnologia wireless che connette a Internet miliardi di oggetti di uso quotidiano e consente alle aziende e ai consumatori di identificare, localizzare, autenticare e collegare ogni elemento. Per effettuare le operazioni di lettura\/scrittura su oggetti taggati il lettore non ha bisogno di avere la visibilit\u00e0 ottica e funziona a lunga distanza in tempi estremamente ridotti rispetto alle altre tecnologie passive, permettendo cos\u00ec una automazione dei processi meno costosa e pi\u00f9 efficiente.<\/p>\n<p>CAEN RFID ha sviluppato le sue linee di prodotto easy2read<small><sup>\u00a9<\/sup><\/small>\u00a0e easy2log<small><sup>\u00a9<\/sup><\/small>\u00a0secondo gli standard RAIN RFID. Il nostro team di ingegneri progetta dispositivi allo stato dell\u2019arte e fornisce un supporto continuo ai clienti offrendo una migliore comprensione della tecnologia RAIN RFID e dei prodotti, consentendo cos\u00ec il loro utilizzo in modo pi\u00f9 efficiente e performante. La qualit\u00e0 dei nostri prodotti, il servizio di consulenza al momento dell&#8217;acquisto ed il supporto post-vendita sono tra i nostri obiettivi prioritari.<\/p>\n<p>CAEN RFID rappresenta il punto di contatto ideale per la progettazione e lo sviluppo di soluzioni RAIN RFID efficaci e ad alte prestazioni in virt\u00f9 della conoscenza dettagliata di tutti gli aspetti delle installazioni RAIN RFID, anche grazie alla nostra rete di partners.<\/p>\n<p>I campi pi\u00f9 promettenti nei quali la tecnologia RFID pu\u00f2 garantire un rapido ritorno sugli investimenti (ROI) si estendono dalla vendita al dettaglio, all\u2019industria farmaceutica e alimentare, dalla gestione dei rifiuti, sicurezza e controllo degli accessi, alla produzione industriale e logistica. CAEN RFID fornisce la tecnologia ed il supporto tecnico per consentire lo sviluppo delle migliori soluzioni RAIN RFID.<\/p>\n<h2><strong>La Nostra Missione<\/strong><\/h2>\n<div class=\"videoMission\">\n<iframe loading=\"lazy\" width=\"560\" height=\"315\" src=\"https:\/\/www.youtube.com\/embed\/qspeq5TgqMo\" title=\"YouTube video player\" frameborder=\"0\" allow=\"accelerometer; autoplay; clipboard-write; encrypted-media; gyroscope; picture-in-picture\" allowfullscreen><\/iframe><\/div>\n<h2><strong>La Nostra Storia<\/strong><\/h2>\n<p>CAEN RFID \u00e8 stata fondata nel 2006 come una societ\u00e0 privata di propriet\u00e0 italiana ma la sua attivit\u00e0 ha origine nel 2003 quando nasce come la divisione RFID di\u00a0<strong><a href=\"http:\/\/www.caen.it\" target=\"_blank\" rel=\"noopener noreferrer\">CAEN SpA<\/a><\/strong>. CAEN RFID \u00e8 stata la prima azienda europea nella progettazione, produzione e commercializzazione dei lettori RFID nella banda UHF. Oggi \u00e8 partner delle pi\u00f9 importanti associazioni, tra cui EPCglobal e ETSI, e partecipa alla definizione degli standard.<\/p>\n<p>Il Management, il team tecnico e il team commerciale sono giovani e dinamici ed hanno una grande esperienza nell\u2019ambito delle applicazioni RFID. Tutto il nostro personale ha un\u2019esperienza lavorativa all&#8217;interno di CAEN SpA, leader mondiale nel campo dell\u2019elettronica applicata alla fisica nucleare e delle particelle. L&#8217;elettronica di CAEN SpA \u00e8 sempre all&#8217;avanguardia della tecnologia ed \u00e8 diventato uno standard &#8220;de facto&#8221; nei pi\u00f9 importanti laboratori di fisica di tutto il mondo.<\/p>\n<p>Nel 2012 CAEN RFID ha ottenuto la Certificazione di Qualit\u00e0 ISO9001:2008 e nel 2017 il passaggio alla <a href=\"https:\/\/www.caenrfid.com\/wp-content\/uploads\/2020\/12\/certificato-ISO-9001_CAEN-RFID_2020_2023.pdf\" target=\"_blank\" rel=\"noopener noreferrer\"><strong>Certificazione di Qualit\u00e0 ISO9001:2015<\/strong><\/a>.<br \/>\nQuesto riconoscimento \u00e8 un motivo in pi\u00f9 per garantire un&#8217;altissima qualit\u00e0 dei prodotti e dei servizi per i nostri clienti, che consideriamo la nostra pi\u00f9 grande ricchezza.<\/p>\n<p>Nel 2015\u00a0<strong><a href=\"http:\/\/www.datalogic.com\" target=\"_blank\" rel=\"noopener noreferrer\">DATALOGIC<\/a><\/strong>\u00a0\u00e8 entrata nell\u2019azionariato di CAEN RFID attraverso l&#8217;acquisizione del 20% della societ\u00e0 con lo scopo di sviluppare e far crescere l&#8217;azienda.<\/p>\n","protected":false},"excerpt":{"rendered":"<p>CAEN RFID \u00e8 un&#8217;azienda leader nel mercato dell&#8217;identificazione automatica (AutoID). La sua attivit\u00e0 si incentra nel campo della&#8230;<\/p>\n","protected":false},"author":1,"featured_media":0,"parent":0,"menu_order":0,"comment_status":"closed","ping_status":"closed","template":"template-parts\/company.php","meta":{"_acf_changed":false,"inline_featured_image":false,"footnotes":""},"class_list":["post-16515","page","type-page","status-publish","hentry"],"acf":[],"yoast_head":"<!-- This site is optimized with the Yoast SEO plugin v22.2 - https:\/\/yoast.com\/wordpress\/plugins\/seo\/ -->\n<title>Azienda - CAEN RFID<\/title>\n<meta name=\"robots\" content=\"noindex, follow, max-snippet:-1, max-image-preview:large, max-video-preview:-1\" \/>\n<meta property=\"og:locale\" content=\"it_IT\" \/>\n<meta property=\"og:type\" content=\"article\" \/>\n<meta property=\"og:title\" content=\"Azienda - CAEN RFID\" \/>\n<meta property=\"og:description\" content=\"CAEN RFID \u00e8 un&#8217;azienda leader nel mercato dell&#8217;identificazione automatica (AutoID). La sua attivit\u00e0 si incentra nel campo della...\" \/>\n<meta property=\"og:url\" content=\"https:\/\/caen-new.filanda.it\/it\/azienda\/\" \/>\n<meta property=\"og:site_name\" content=\"CAEN RFID\" \/>\n<meta property=\"article:modified_time\" content=\"2021-12-15T10:12:21+00:00\" \/>\n<meta name=\"twitter:card\" content=\"summary_large_image\" \/>\n<meta name=\"twitter:label1\" content=\"Tempo di lettura stimato\" \/>\n\t<meta name=\"twitter:data1\" content=\"3 minuti\" \/>\n<script type=\"application\/ld+json\" class=\"yoast-schema-graph\">{\"@context\":\"https:\/\/schema.org\",\"@graph\":[{\"@type\":\"WebPage\",\"@id\":\"https:\/\/caen-new.filanda.it\/it\/azienda\/\",\"url\":\"https:\/\/caen-new.filanda.it\/it\/azienda\/\",\"name\":\"Azienda - CAEN RFID\",\"isPartOf\":{\"@id\":\"https:\/\/caen-new.filanda.it\/it\/#website\"},\"datePublished\":\"2021-09-23T09:27:08+00:00\",\"dateModified\":\"2021-12-15T10:12:21+00:00\",\"breadcrumb\":{\"@id\":\"https:\/\/caen-new.filanda.it\/it\/azienda\/#breadcrumb\"},\"inLanguage\":\"it-IT\",\"potentialAction\":[{\"@type\":\"ReadAction\",\"target\":[\"https:\/\/caen-new.filanda.it\/it\/azienda\/\"]}]},{\"@type\":\"BreadcrumbList\",\"@id\":\"https:\/\/caen-new.filanda.it\/it\/azienda\/#breadcrumb\",\"itemListElement\":[{\"@type\":\"ListItem\",\"position\":1,\"name\":\"Home\",\"item\":\"https:\/\/caen-new.filanda.it\/it\/\"},{\"@type\":\"ListItem\",\"position\":2,\"name\":\"Azienda\"}]},{\"@type\":\"WebSite\",\"@id\":\"https:\/\/caen-new.filanda.it\/it\/#website\",\"url\":\"https:\/\/caen-new.filanda.it\/it\/\",\"name\":\"CAEN RFID\",\"description\":\"Un nuovo sito targato CAEN\",\"potentialAction\":[{\"@type\":\"SearchAction\",\"target\":{\"@type\":\"EntryPoint\",\"urlTemplate\":\"https:\/\/caen-new.filanda.it\/it\/?s={search_term_string}\"},\"query-input\":\"required name=search_term_string\"}],\"inLanguage\":\"it-IT\"}]}<\/script>\n<!-- \/ Yoast SEO plugin. -->","yoast_head_json":{"title":"Azienda - CAEN RFID","robots":{"index":"noindex","follow":"follow","max-snippet":"max-snippet:-1","max-image-preview":"max-image-preview:large","max-video-preview":"max-video-preview:-1"},"og_locale":"it_IT","og_type":"article","og_title":"Azienda - CAEN RFID","og_description":"CAEN RFID \u00e8 un&#8217;azienda leader nel mercato dell&#8217;identificazione automatica (AutoID). La sua attivit\u00e0 si incentra nel campo della...","og_url":"https:\/\/caen-new.filanda.it\/it\/azienda\/","og_site_name":"CAEN RFID","article_modified_time":"2021-12-15T10:12:21+00:00","twitter_card":"summary_large_image","twitter_misc":{"Tempo di lettura stimato":"3 minuti"},"schema":{"@context":"https:\/\/schema.org","@graph":[{"@type":"WebPage","@id":"https:\/\/caen-new.filanda.it\/it\/azienda\/","url":"https:\/\/caen-new.filanda.it\/it\/azienda\/","name":"Azienda - CAEN RFID","isPartOf":{"@id":"https:\/\/caen-new.filanda.it\/it\/#website"},"datePublished":"2021-09-23T09:27:08+00:00","dateModified":"2021-12-15T10:12:21+00:00","breadcrumb":{"@id":"https:\/\/caen-new.filanda.it\/it\/azienda\/#breadcrumb"},"inLanguage":"it-IT","potentialAction":[{"@type":"ReadAction","target":["https:\/\/caen-new.filanda.it\/it\/azienda\/"]}]},{"@type":"BreadcrumbList","@id":"https:\/\/caen-new.filanda.it\/it\/azienda\/#breadcrumb","itemListElement":[{"@type":"ListItem","position":1,"name":"Home","item":"https:\/\/caen-new.filanda.it\/it\/"},{"@type":"ListItem","position":2,"name":"Azienda"}]},{"@type":"WebSite","@id":"https:\/\/caen-new.filanda.it\/it\/#website","url":"https:\/\/caen-new.filanda.it\/it\/","name":"CAEN RFID","description":"Un nuovo sito targato CAEN","potentialAction":[{"@type":"SearchAction","target":{"@type":"EntryPoint","urlTemplate":"https:\/\/caen-new.filanda.it\/it\/?s={search_term_string}"},"query-input":"required name=search_term_string"}],"inLanguage":"it-IT"}]}},"_links":{"self":[{"href":"https:\/\/caen-new.filanda.it\/it\/wp-json\/wp\/v2\/pages\/16515","targetHints":{"allow":["GET"]}}],"collection":[{"href":"https:\/\/caen-new.filanda.it\/it\/wp-json\/wp\/v2\/pages"}],"about":[{"href":"https:\/\/caen-new.filanda.it\/it\/wp-json\/wp\/v2\/types\/page"}],"author":[{"embeddable":true,"href":"https:\/\/caen-new.filanda.it\/it\/wp-json\/wp\/v2\/users\/1"}],"replies":[{"embeddable":true,"href":"https:\/\/caen-new.filanda.it\/it\/wp-json\/wp\/v2\/comments?post=16515"}],"version-history":[{"count":32,"href":"https:\/\/caen-new.filanda.it\/it\/wp-json\/wp\/v2\/pages\/16515\/revisions"}],"predecessor-version":[{"id":16859,"href":"https:\/\/caen-new.filanda.it\/it\/wp-json\/wp\/v2\/pages\/16515\/revisions\/16859"}],"wp:attachment":[{"href":"https:\/\/caen-new.filanda.it\/it\/wp-json\/wp\/v2\/media?parent=16515"}],"curies":[{"name":"wp","href":"https:\/\/api.w.org\/{rel}","templated":true}]}}