{"id":16647,"date":"2021-10-27T11:32:25","date_gmt":"2021-10-27T09:32:25","guid":{"rendered":"https:\/\/caen-new.filanda.it\/privacy-policy-2\/"},"modified":"2021-12-13T10:41:26","modified_gmt":"2021-12-13T09:41:26","slug":"privacy-policy","status":"publish","type":"page","link":"https:\/\/caen-new.filanda.it\/it\/privacy-policy\/","title":{"rendered":"Privacy Policy"},"content":{"rendered":"<p><strong>Informativa e consenso sul trattamento dei dati personali <\/strong><\/p>\n<p><strong>Soggetti Interessati: <u>Clienti e visitatori del presente sito web aziendale<\/u><\/strong><\/p>\n<p><strong>CAEN RFID srl<\/strong>\u00a0<strong><em>&#8211; <\/em><\/strong>con sede in via Vetraia, 11 &#8211; 55049 Viareggio (LU), Tel +39 0584 388 398 <a href=\"mailto:privacy@caen.it\">privacy@caen.it<\/a> &#8211; nella qualit\u00e0 di <strong>Titolare del trattamento<\/strong> dei Suoi dati personali, ai sensi e per gli effetti del D.Lgs. 30 Giugno 2003 n. 196 (&#8216;Codice in materia di protezione dei dati personali&#8217;), e del Regolamento (UE) 2016\/679 (anche GDPR), con la presente La informa che la citata normativa prevede la tutela delle persone e di altri soggetti rispetto al trattamento dei dati personali e che tale trattamento sar\u00e0 improntato ai principi di correttezza, liceit\u00e0, trasparenza e di tutela della Sua riservatezza e dei Suoi<\/p>\n<p>I Suoi dati personali verranno trattati in accordo alle disposizioni legislative della normativa sopra richiamata e degli obblighi di riservatezza ivi previsti.<\/p>\n<p><strong><em>Misure di sicurezza del sito: <\/em><\/strong>Per la gestione del sito sono state adottate specifiche misure di sicurezza, dirette a garantire l\u2019accesso sicuro dell\u2019utente ed a tutelare le informazioni contenute nello stesso sito da rischi di perdita o distruzione anche accidentale.<\/p>\n<p>Per l\u2019accesso alla parte riservata del sito vengono assegnati alle imprese che ne fanno richiesta un codice identificativo ed una password; tali password sono generate in modo da non contenere riferimenti agevolmente riconducibili all\u2019associato, al fine di evitare possibili abusi. L\u2019utente \u00e8 tenuto a custodire la propria password in modo riservato.<\/p>\n<p><strong><em>Modifiche a questa Privacy Policy: <\/em><\/strong>Il titolare si riserva il diritto di apportare modifiche alla presente Privacy Policy in qualunque momento dandone pubblicit\u00e0 agli Utenti su questa pagina e garantendo in ogni caso una analoga protezione dei Dati Personali. Si prega dunque di consultare spesso questa pagina, prendendo come riferimento la data di ultima modifica indicata in fondo.<\/p>\n<p><strong><em>Riferimenti legali: <\/em><\/strong>la presente informativa privacy \u00e8 redatta in adempimento degli obblighi previsti dal Regolamento (UE) 2016\/679, dall\u2019Art. 10 della Direttiva n. 95\/46\/CE, nonch\u00e9 a quanto previsto dalla Direttiva 2002\/58\/CE, come aggiornata dalla Direttiva 2009\/136\/CE, in materia di Cookie.<\/p>\n<p><strong><em>Finalit\u00e0 di trattamento<\/em><\/strong>: in particolare i Suoi dati verranno trattati per finalit\u00e0 descritte nei prossimi paragrafi; se relativi ad obblighi legislativi o contrattuali sar\u00e0 sufficiente prendere visione della presente policy, se invece relativi ad altre finalit\u00e0, il conferimento dei dati sar\u00e0 per Lei facoltativo, ed un suo eventuale rifiuto al trattamento non compromette la prosecuzione del rapporto o la congruit\u00e0 del trattamento stesso.<\/p>\n<p>In generale i dati dell\u2019Utente sono raccolti per consentire al Titolare di fornire i propri servizi, cos\u00ec come per le seguenti finalit\u00e0: contattare l\u2019utente, invio di messaggi email, interazione con social network, finalit\u00e0 Statistiche e visualizzazione di contenuti da piattaforme esterne.<\/p>\n<p>Le tipologie di Dati Personali utilizzati per ciascuna finalit\u00e0 sono indicati nelle sezioni specifiche di questo documento. I dati personali raccolti attraverso il presente sito fanno riferimento a:<\/p>\n<ul>\n<li><strong>Dati di navigazione ed utilizzo, cookies<\/strong><\/li>\n<li><strong>Dati forniti volontariamente dall\u2019utente<\/strong><\/li>\n<\/ul>\n<p>I Dati Personali raccolti possono riferirsi sia all\u2019Utente, sia a soggetti terzi di cui l\u2019Utente fornisce i dati.<\/p>\n<p>L\u2019Utente si assume la responsabilit\u00e0 dei Dati personali di terzi pubblicati o condivisi mediante il sito e garantisce di avere il diritto di comunicarli o diffonderli liberando il Titolare del Trattamento da qualsiasi responsabilit\u00e0 verso terzi.<\/p>\n<p>Ai fini dei seguenti trattamenti, il Titolare potr\u00e0 venire a conoscenza di dati definiti particolari, ovvero sensibili o giudiziari ai sensi del Codice della Privacy, quando necessari alle finalit\u00e0 di seguito specificate, ed in particolare:<\/p>\n<ul>\n<li>Indirizzo email,<\/li>\n<li>Numero di telefono,<\/li>\n<li>Dati anagrafici e\/o di fatturazione,<\/li>\n<li>Altri dati da lei volontariamente comunicati (ad esempio attraverso consegna di CV).<\/li>\n<\/ul>\n<p>I Suoi dati sensibili oggetto di trattamento sono solo quelli strettamente pertinenti agli obblighi, ai compiti o alle finalit\u00e0 sopra descritte e verranno trattati nel rispetto delle indicazioni contenute nelle relative Autorizzazioni Generali del Garante.<\/p>\n<ol>\n<li><strong> Dati di navigazione.<\/strong><\/li>\n<\/ol>\n<p>I sistemi informatici e le procedure software preposte al funzionamento di questo sito web acquisiscono, nel corso del loro normale esercizio, alcuni dati personali la cui trasmissione \u00e8 implicita nell\u2019uso dei protocolli di comunicazione di Internet. Si tratta di informazioni che non sono raccolte per essere associate a interessati identificati, ma che per loro stessa natura potrebbero, attraverso elaborazioni ed associazioni con dati detenuti da terzi, permettere di identificare gli utenti. In questa categoria di dati rientrano gli indirizzi IP o i nomi a dominio dei computer utilizzati dagli utenti che si connettono al sito, gli indirizzi in notazione URI (Uniform Resource Identifier) delle risorse richieste, l\u2019orario della richiesta, il metodo utilizzato nel sottoporre la richiesta al server, la dimensione del file ottenuto in risposta, il codice numerico indicante lo stato della risposta data dal server (buon fine, errore, ecc.) ed altri parametri relativi al sistema operativo e all\u2019ambiente informatico dell\u2019utente.<\/p>\n<p>Questi dati vengono utilizzati al solo fine di ricavare informazioni statistiche anonime sull\u2019uso del sito e per controllarne il corretto funzionamento. I dati potrebbero essere utilizzati per l\u2019accertamento di responsabilit\u00e0 in caso di ipotetici reati informatici ai danni del sito.<\/p>\n<p><strong>Cookie<\/strong><\/p>\n<p>Come praticamente la totalit\u00e0 dei siti web, anche il nostro utilizza alcuni cookie. I cookie sono piccoli file di testo che i siti visitati dall\u2019utente (ma anche altri siti o webserver) inviano e registrano sul suo computer (o dispositivo mobile), per essere poi viceversa ritrasmessi agli stessi siti (o webserver), alla successiva visita di quelli, inviando cos\u00ec informazioni.<\/p>\n<p>I cookie sono ormai strumenti fondamentali in quanto permettono ai siti moderni di funzionare al meglio, consentendo massima personalizzazione, interazione e fluidit\u00e0 nella navigazione. Ma possono anche essere utilizzati per monitorare le navigazioni dell\u2019utente e poi inviare messaggi pubblicitari in linea con quelle.<\/p>\n<p><strong>I cookie possono essere:<\/strong><\/p>\n<ul>\n<li>di sessione (se scadono alla chiusura del browser) o permanenti (restano fino al decorrere di un termine, anche di anni);<\/li>\n<li>di prima parte o di terze parti (in questo secondo caso sono impostati da un sito o da un webserver diverso da quello che l\u2019utente sta visitando in quel momento);<\/li>\n<li>tecnici (necessari, talvolta indispensabili, per una completa \u2013 o migliore \u2013 fruizione del sito) o di profilazione (finalizzati a creare un profilo dell\u2019utente, per poi inviargli messaggi pubblicitari in linea con le preferenze manifestate dallo stesso nel corso della precedente navigazione).<\/li>\n<\/ul>\n<p>Il Garante della Privacy considera cookie tecnici quelli di sessione, quelli di funzionalit\u00e0 e \u2013 solo a determinate condizioni \u2013 quelli di analytics; in particolare il Garante, nel provvedimento dell\u20198 maggio\u00a02014, ha precisato che quest\u2019ultimi possono essere assimilati ai cookie tecnici soltanto se utilizzati a fini di ottimizzazione del sito direttamente dal titolare del sito stesso, che potr\u00e0 raccogliere informazioni in forma aggregata sul numero degli utenti e su come questi visitano il sito.<\/p>\n<p>Per maggiori informazioni sui tipi di cookie, caratteristiche e loro funzionamento \u00e8 possibile consultare i siti http:\/\/www.allaboutcookies.org, www.youronlinechoices.com, http:\/\/cookiepedia.co.uk e lo specifico Provvedimento del Garante sopraccitato.<\/p>\n<p><strong>Sul nostro sito sono presenti i cookie indicati ed analizzati nell\u2019apposita pagina Cookie Policy.<\/strong><\/p>\n<ol start=\"2\">\n<li><strong> Dati forniti volontariamente dall\u2019utente.<\/strong><\/li>\n<\/ol>\n<p><strong>Invio di e-mail agli indirizzi indicati sul sito<\/strong><\/p>\n<p>L\u2019invio facoltativo, esplicito e volontario di posta elettronica agli indirizzi indicati su questo sito comporta la successiva acquisizione dell\u2019indirizzo del mittente, necessario per rispondere alle richieste nonch\u00e9 degli eventuali altri dati personali inseriti nel messaggio.<\/p>\n<p><strong>Compilazione del form raccolta dati (per richiesta informazioni)<\/strong><\/p>\n<p>Il sito web 1 e 2 alla pagina \u201cContatti\u201d consente, ai soggetti interessati, di richiedere informazioni attraverso l\u2019inserimento di alcuni dati personali (quali nome e cognome, ragione sociale dell\u2019azienda di riferimento, indirizzo e-mail, paese di riferimento.) Tali dati saranno trattati, manualmente e anche mediante l\u2019utilizzo di strumenti informatici dal personale di <strong>CAEN RFID srl.<\/strong> appositamente incaricato, esclusivamente per rispondere alla richiesta dell\u2019utente. I dati personali introdotti nel Form sono suddivisi in due categorie: obbligatori e facoltativi, come risulta nella procedura di richiesta di informazioni. Il conferimento dei dati obbligatori ed il relativo trattamento per le finalit\u00e0 sopra indicate sono strettamente funzionali all\u2019esecuzione di quanto richiesto. Gli altri dati raccolti servono ad aiutare <strong>CAEN RFID srl.<\/strong> ad offrire un servizio sempre migliore. Le precisiamo che in ogni momento potr\u00e0 esercitare, rivolgendosi direttamente al Titolare del trattamento, i diritti esplicitati nella apposita sezione denominata \u201cDIRITTI DEGLI INTERESSATI\u201d.<\/p>\n<p><strong>Iscrizione al sito ed alle newsletter<\/strong><\/p>\n<p>Il sito web 1 e 2 alla pagina \u201cIscriviti alla Newsletter\u201d consente ai soggetti interessati, di inviare la sottoscrizione alla nostra newsletter assieme ad alcuni eventuali dati (quali nome e cognome, indirizzo e-mail, paese di provenienza). Tali dati saranno trattati, da parte di <strong>CAEN RFID srl.<\/strong> per finalit\u00e0 connesse alle attivit\u00e0 di invio comunicazioni commerciali ed inerenti ad eventi. I dati personali introdotti nel Form sono suddivisi in due categorie: obbligatori e facoltativi, come risulta nella procedura di richiesta di informazioni. Il trattamento verr\u00e0 effettuato con strumenti informatici e telematici con modalit\u00e0 strettamente connesse alle finalit\u00e0 sopra indicate. I dati verranno trattati fino alla revoca del consenso esplicito e successivamente verranno cancellati, salvo diversa segnalazione dell\u2019interessato. Il conferimento dei dati \u00e8 facoltativo. I dati non saranno oggetto di diffusione e saranno trattati esclusivamente per le finalit\u00e0 suddette da personale appositamente incaricato. All\u2019interessato viene richiesto, previa valutazione di quanto sopra indicato, di fornirci la conferma di presa visione della presente informativa ed il Suo consenso al trattamento (attraverso la conferma tramite email e l\u2019apposizione di un flag nell\u2019apposito spazio sottostante il form raccolta dati).\u00a0 L\u2019interessato in ogni momento potr\u00e0 esercitare, rivolgendosi al Titolare del Trattamento, i diritti riconosciuti dalla attuale normativa in materia di tutela dei dati personali.<\/p>\n<p><strong>Pubblicazione di foto e video<\/strong><\/p>\n<p>Il sito web 1 e 2 consente ai soggetti interessati, di visionare le proprie foto e video, raccolte in occasione di fiere, eventi, progetti o visite aziendali. Tali dati saranno trattati, da parte di <strong>CAEN RFID srl.<\/strong> per finalit\u00e0 connesse alle attivit\u00e0 di presentazione di prodotti o progetti ed organizzazione eventi. Il trattamento verr\u00e0 effettuato con strumenti informatici e telematici con modalit\u00e0 strettamente connesse alle finalit\u00e0 sopra indicate. I dati verranno trattati fino alla revoca del consenso esplicito e successivamente verranno cancellati, salvo diversa segnalazione dell\u2019interessato. Il conferimento dei dati \u00e8 facoltativo, \u00e8 possibile richiederne la rimozione dal presente sito e dagli archivi aziendali. I dati sono oggetto di diffusione unicamente sul presente sito e saranno trattati esclusivamente per le finalit\u00e0 suddette da personale appositamente incaricato. All\u2019interessato viene richiesto, previa valutazione di\u00a0quanto sopra indicato, di fornirci il Suo consenso al trattamento (attraverso la richiesta esplicita durante la registrazione di foto e video, in caso di eventi non considerati pubblici). L\u2019interessato in ogni momento potr\u00e0 esercitare, rivolgendosi al Titolare del Trattamento, i diritti riconosciuti dalla attuale normativa in materia di tutela dei dati personali.<\/p>\n<p><strong><em>Modalit\u00e0 del trattamento<\/em><\/strong>: Il trattamento viene effettuato adottando le opportune misure di sicurezza volte ad impedire l\u2019accesso, la divulgazione, la modifica o la distruzione non autorizzate dei Dati Personali. In particolare il trattamento viene effettuato mediante:<\/p>\n<ul>\n<li>Strumenti informatici, con modalit\u00e0 organizzative strettamente correlate alle finalit\u00e0 indicate in precedenza;<\/li>\n<li>Affidamento a terzi di operazioni di elaborazione.<\/li>\n<\/ul>\n<p>Ogni trattamento avviene nel rispetto delle modalit\u00e0 di cui al Capo II del Regolamento (EU) 2016\/679 e agli artt. 11, 31 e seguenti del D.Lgs. 196\/03.<\/p>\n<p><strong><em>Comunicazione<\/em><\/strong>: i suoi dati saranno conservati presso la nostra sede e saranno comunicati esclusivamente ai soggetti competenti per l&#8217;espletamento dei servizi necessari ad una corretta gestione del rapporto, con garanzia di tutela dei diritti dell&#8217;interessato.<\/p>\n<p>I suoi dati saranno trattati unicamente da personale espressamente autorizzato dal Titolare ed, in particolare, dalle seguenti categorie di soggetti incaricati:<\/p>\n<ul>\n<li>Responsabili ed addetti Amministrativi (lettura, scrittura, comunicazione, eliminazione);<\/li>\n<li>Responsabili ed addetti IT (lettura, scrittura, modifica, eliminazione).<\/li>\n<\/ul>\n<p>Oltre al titolare ed agli addetti interni, in alcuni casi, potrebbero avere accesso ai Dati soggetti esterni (come fornitori di servizi tecnici terzi, corrieri postali, hosting provider, societ\u00e0 informatiche, agenzie di comunicazione). I suoi dati potranno essere comunicati a terzi, in particolare a:<\/p>\n<ul>\n<li>Organi costituzionali o di rilievo costituzionale;<\/li>\n<li>Consulenti e liberi professionisti, anche in forma associata;<\/li>\n<li>Chiunque sia legittimo destinatario di comunicazioni previste da norme di legge o regolamentari.<\/li>\n<\/ul>\n<p>Alcuni dei soggetti sopra indicati possono non trovarsi in Italia in ragione del carattere multinazionale della nostra azienda, per cui i Suoi dati personali potranno essere trasferiti all\u2019estero, anche al di fuori dell\u2019Unione Europea in paesi che non garantiscono un adeguato livello di protezione dei dati personali secondo gli standard stabiliti dalla normativa italiana ed europea in materia di protezione dei dati personali. I Dati Personali potranno essere trasferiti all\u2019estero solo in relazione ad informazioni professionali e solo per finalit\u00e0 strumentali alla Sua attivit\u00e0 lavorativa presso la Societ\u00e0 o connesse all\u2019attivit\u00e0 aziendale. Il Titolare del trattamento si assume la responsabilit\u00e0 di verificare la conformit\u00e0 di suddetti soggetti alla normativa nazionale ed europea in materia di trattamento dei dati personali.<\/p>\n<p><strong><em>Diffusione<\/em><\/strong>: i dati, fermo restando il divieto assoluto di diffondere i dati idonei a rivelare lo stato di salute, potranno essere diffusi, secondo le modalit\u00e0 descritte in precedenza, presso:<\/p>\n<ul>\n<li>Nessuno.<\/li>\n<\/ul>\n<p><strong><em>Conservazione<\/em><\/strong>: I trattamenti connessi ai servizi web di questo sito hanno luogo presso la sede aziendale e sono curati da personale tecnico incaricato al trattamento.<\/p>\n<p>I suoi dati personali saranno conservati secondo le modalit\u00e0 indicate in precedenza, per il tempo minimo previsto dalla natura legislativa e contrattuale o fino alla richiesta di cancellazione da parte dell\u2019interessato. Al momento della raccolta, i dati saranno conservati nelle cartelle di riferimento sui gestionali aziendali e\/o negli archivi cartacei. Al momento della cancellazione \u00e8 possibile che i dati\u00a0vengano comunque conservati ma anonimizzati.<\/p>\n<p><strong><em>Diritti degli interessati: <\/em><\/strong>I soggetti cui si riferiscono i dati personali hanno il diritto in qualunque momento di ottenere la conferma dell\u2019esistenza o meno dei medesimi dati e di conoscerne il contenuto e l\u2019origine, verificarne l\u2019esattezza o chiederne l\u2019integrazione o l\u2019aggiornamento, oppure la rettificazione.<\/p>\n<p><em><u>Lei ha inoltre il diritto di ottenere dal titolare la cancellazione, la comunicazione, l&#8217;aggiornamento, la rettificazione, l&#8217;integrazione dei dati personali che La riguardano, nonch\u00e9 in generale pu\u00f2 esercitare tutti i diritti previsti dall&#8217;art.7 del Codice della Privacy e dal Capo III del GDPR, Artt. da 12 a 23, tra cui il diritto di presentare un reclamo all&#8217;autorit\u00e0 di controllo.<\/u><\/em><\/p>\n<p><strong><em>Ulteriori informazioni sul trattamento:<\/em><\/strong><\/p>\n<p><strong>Difesa in giudizio<\/strong><\/p>\n<p>I Dati Personali dell\u2019Utente possono essere utilizzati per la difesa da parte del Titolare del sito internet in giudizio o nelle fasi propedeutiche alla sua eventuale instaurazione, da abusi nell\u2019utilizzo dello stesso o dei servizi connessi da parte dell\u2019Utente.<\/p>\n<p><strong>Informative specifiche<\/strong><\/p>\n<p>Informative specifiche potrebbero essere presentate nelle pagine del Sito in relazione a particolari servizi o trattamenti dei Dati forniti dall\u2019Utente o dall\u2019Interessato.<\/p>\n<p><strong>Manutenzione<\/strong><\/p>\n<p>I Dati Personali dell\u2019Utente possono essere trattati con modalit\u00e0 e finalit\u00e0 aggiuntive legate alla manutenzione del sito.<\/p>\n<p><strong>Log di Sistema<\/strong><\/p>\n<p>Per necessit\u00e0 legate al funzionamento ed alla manutenzione, questo sito e gli eventuali servizi terzi da esso utilizzati potrebbero raccogliere Log di sistema, ossia file che registrano le interazioni \u2013 compresa la navigazione \u2013 e che possono contenere anche Dati Personali, quali l\u2019indirizzo IP.<\/p>\n<p><strong>Informazioni non contenute in questa policy<\/strong><\/p>\n<p>Maggiori informazioni in relazione al trattamento dei Dati Personali potranno essere richieste in qualsiasi momento al Titolare del Trattamento.<\/p>\n<p><strong>Collegamento a siti terzi<\/strong><\/p>\n<p><strong>CAEN RFID srl.<\/strong> non risponde del trattamento di dati personali eventualmente svolto da e per il tramite di siti cui il presente sito rimanda tramite link.<\/p>\n","protected":false},"excerpt":{"rendered":"<p>Informativa e consenso sul trattamento dei dati personali Soggetti Interessati: Clienti e visitatori del presente sito web aziendale&#8230;<\/p>\n","protected":false},"author":1,"featured_media":0,"parent":0,"menu_order":0,"comment_status":"closed","ping_status":"closed","template":"","meta":{"_acf_changed":false,"inline_featured_image":false,"footnotes":""},"class_list":["post-16647","page","type-page","status-publish","hentry"],"acf":[],"yoast_head":"<!-- This site is optimized with the Yoast SEO plugin v22.2 - https:\/\/yoast.com\/wordpress\/plugins\/seo\/ -->\n<title>Privacy Policy - CAEN RFID<\/title>\n<meta name=\"robots\" content=\"noindex, follow, max-snippet:-1, max-image-preview:large, max-video-preview:-1\" \/>\n<meta property=\"og:locale\" content=\"it_IT\" \/>\n<meta property=\"og:type\" content=\"article\" \/>\n<meta property=\"og:title\" content=\"Privacy Policy - CAEN RFID\" \/>\n<meta property=\"og:description\" content=\"Informativa e consenso sul trattamento dei dati personali Soggetti Interessati: Clienti e visitatori del presente sito web aziendale...\" \/>\n<meta property=\"og:url\" content=\"https:\/\/caen-new.filanda.it\/it\/privacy-policy\/\" \/>\n<meta property=\"og:site_name\" content=\"CAEN RFID\" \/>\n<meta property=\"article:modified_time\" content=\"2021-12-13T09:41:26+00:00\" \/>\n<meta name=\"twitter:card\" content=\"summary_large_image\" \/>\n<meta name=\"twitter:label1\" content=\"Tempo di lettura stimato\" \/>\n\t<meta name=\"twitter:data1\" content=\"13 minuti\" \/>\n<script type=\"application\/ld+json\" class=\"yoast-schema-graph\">{\"@context\":\"https:\/\/schema.org\",\"@graph\":[{\"@type\":\"WebPage\",\"@id\":\"https:\/\/caen-new.filanda.it\/it\/privacy-policy\/\",\"url\":\"https:\/\/caen-new.filanda.it\/it\/privacy-policy\/\",\"name\":\"Privacy Policy - CAEN RFID\",\"isPartOf\":{\"@id\":\"https:\/\/caen-new.filanda.it\/it\/#website\"},\"datePublished\":\"2021-10-27T09:32:25+00:00\",\"dateModified\":\"2021-12-13T09:41:26+00:00\",\"breadcrumb\":{\"@id\":\"https:\/\/caen-new.filanda.it\/it\/privacy-policy\/#breadcrumb\"},\"inLanguage\":\"it-IT\",\"potentialAction\":[{\"@type\":\"ReadAction\",\"target\":[\"https:\/\/caen-new.filanda.it\/it\/privacy-policy\/\"]}]},{\"@type\":\"BreadcrumbList\",\"@id\":\"https:\/\/caen-new.filanda.it\/it\/privacy-policy\/#breadcrumb\",\"itemListElement\":[{\"@type\":\"ListItem\",\"position\":1,\"name\":\"Home\",\"item\":\"https:\/\/caen-new.filanda.it\/it\/\"},{\"@type\":\"ListItem\",\"position\":2,\"name\":\"Privacy Policy\"}]},{\"@type\":\"WebSite\",\"@id\":\"https:\/\/caen-new.filanda.it\/it\/#website\",\"url\":\"https:\/\/caen-new.filanda.it\/it\/\",\"name\":\"CAEN RFID\",\"description\":\"Un nuovo sito targato CAEN\",\"potentialAction\":[{\"@type\":\"SearchAction\",\"target\":{\"@type\":\"EntryPoint\",\"urlTemplate\":\"https:\/\/caen-new.filanda.it\/it\/?s={search_term_string}\"},\"query-input\":\"required name=search_term_string\"}],\"inLanguage\":\"it-IT\"}]}<\/script>\n<!-- \/ Yoast SEO plugin. -->","yoast_head_json":{"title":"Privacy Policy - CAEN RFID","robots":{"index":"noindex","follow":"follow","max-snippet":"max-snippet:-1","max-image-preview":"max-image-preview:large","max-video-preview":"max-video-preview:-1"},"og_locale":"it_IT","og_type":"article","og_title":"Privacy Policy - CAEN RFID","og_description":"Informativa e consenso sul trattamento dei dati personali Soggetti Interessati: Clienti e visitatori del presente sito web aziendale...","og_url":"https:\/\/caen-new.filanda.it\/it\/privacy-policy\/","og_site_name":"CAEN RFID","article_modified_time":"2021-12-13T09:41:26+00:00","twitter_card":"summary_large_image","twitter_misc":{"Tempo di lettura stimato":"13 minuti"},"schema":{"@context":"https:\/\/schema.org","@graph":[{"@type":"WebPage","@id":"https:\/\/caen-new.filanda.it\/it\/privacy-policy\/","url":"https:\/\/caen-new.filanda.it\/it\/privacy-policy\/","name":"Privacy Policy - CAEN RFID","isPartOf":{"@id":"https:\/\/caen-new.filanda.it\/it\/#website"},"datePublished":"2021-10-27T09:32:25+00:00","dateModified":"2021-12-13T09:41:26+00:00","breadcrumb":{"@id":"https:\/\/caen-new.filanda.it\/it\/privacy-policy\/#breadcrumb"},"inLanguage":"it-IT","potentialAction":[{"@type":"ReadAction","target":["https:\/\/caen-new.filanda.it\/it\/privacy-policy\/"]}]},{"@type":"BreadcrumbList","@id":"https:\/\/caen-new.filanda.it\/it\/privacy-policy\/#breadcrumb","itemListElement":[{"@type":"ListItem","position":1,"name":"Home","item":"https:\/\/caen-new.filanda.it\/it\/"},{"@type":"ListItem","position":2,"name":"Privacy Policy"}]},{"@type":"WebSite","@id":"https:\/\/caen-new.filanda.it\/it\/#website","url":"https:\/\/caen-new.filanda.it\/it\/","name":"CAEN RFID","description":"Un nuovo sito targato CAEN","potentialAction":[{"@type":"SearchAction","target":{"@type":"EntryPoint","urlTemplate":"https:\/\/caen-new.filanda.it\/it\/?s={search_term_string}"},"query-input":"required name=search_term_string"}],"inLanguage":"it-IT"}]}},"_links":{"self":[{"href":"https:\/\/caen-new.filanda.it\/it\/wp-json\/wp\/v2\/pages\/16647","targetHints":{"allow":["GET"]}}],"collection":[{"href":"https:\/\/caen-new.filanda.it\/it\/wp-json\/wp\/v2\/pages"}],"about":[{"href":"https:\/\/caen-new.filanda.it\/it\/wp-json\/wp\/v2\/types\/page"}],"author":[{"embeddable":true,"href":"https:\/\/caen-new.filanda.it\/it\/wp-json\/wp\/v2\/users\/1"}],"replies":[{"embeddable":true,"href":"https:\/\/caen-new.filanda.it\/it\/wp-json\/wp\/v2\/comments?post=16647"}],"version-history":[{"count":1,"href":"https:\/\/caen-new.filanda.it\/it\/wp-json\/wp\/v2\/pages\/16647\/revisions"}],"predecessor-version":[{"id":16649,"href":"https:\/\/caen-new.filanda.it\/it\/wp-json\/wp\/v2\/pages\/16647\/revisions\/16649"}],"wp:attachment":[{"href":"https:\/\/caen-new.filanda.it\/it\/wp-json\/wp\/v2\/media?parent=16647"}],"curies":[{"name":"wp","href":"https:\/\/api.w.org\/{rel}","templated":true}]}}